{"id":72,"date":"2010-07-26T18:09:39","date_gmt":"2010-07-26T18:09:39","guid":{"rendered":"http:\/\/www.spsbrno.cz\/sps\/"},"modified":"2011-09-19T13:54:15","modified_gmt":"2011-09-19T13:54:15","slug":"stredisko-psychologickych-sluzeb","status":"publish","type":"page","link":"https:\/\/www.spsbrno.cz\/sps\/","title":{"rendered":""},"content":{"rendered":"<p>&nbsp;<\/p>\n<p><em>&nbsp; &nbsp; &nbsp; &nbsp; &nbsp; &nbsp; &nbsp; &nbsp; &nbsp; &nbsp; &nbsp; &nbsp; &nbsp; &nbsp;Informace o akc&iacute;ch tak&eacute; v rubrice Kaledn&aacute;\u0159 akc&iacute;&nbsp;<br \/>\n\t<\/em><\/p>\n<p>&nbsp;<\/p>\n<p><strong><span style=\"font-size:14px;\">&nbsp;&nbsp; &nbsp; &nbsp; &nbsp; &nbsp; &nbsp; <br \/>\n\t<\/span><\/strong><\/p>\n<p>&nbsp;<\/p>\n<p><span class=\"Apple-style-span\" style=\"font-family: arial, helvetica, sans-serif; font-size: 22px; \"><em><strong>Kdo chce druh&eacute;mu \u010dlov\u011bku opravdu pomoci,<\/strong><\/em><\/span><\/p>\n<div><em><strong><span style=\"font-size: 22px\"><span style=\"font-family: arial, helvetica, sans-serif\">mus&iacute; se um\u011bt pod&iacute;vat na sv\u011bt jeho o\u010dima.<\/span><\/span><\/strong><\/em><\/div>\n","protected":false},"excerpt":{"rendered":"<p>&nbsp; &nbsp; &nbsp; &nbsp; &nbsp; &nbsp; &nbsp; &nbsp; &nbsp; &nbsp; &nbsp; &nbsp; &nbsp; &nbsp; &nbsp;Informace o akc&iacute;ch tak&eacute; v rubrice Kaledn&aacute;\u0159 akc&iacute;&nbsp; &nbsp; &nbsp;&nbsp; &nbsp; &nbsp; &nbsp; &nbsp; &nbsp; &nbsp; Kdo chce druh&eacute;mu \u010dlov\u011bku opravdu pomoci, mus&iacute; se um\u011bt pod&iacute;vat &hellip; <a href=\"https:\/\/www.spsbrno.cz\/sps\/\">Cel\u00fd p\u0159\u00edsp\u011bvek <span class=\"meta-nav\">&rarr;<\/span><\/a><\/p>\n","protected":false},"author":1,"featured_media":0,"parent":0,"menu_order":0,"comment_status":"closed","ping_status":"closed","template":"","meta":{"footnotes":""},"_links":{"self":[{"href":"https:\/\/www.spsbrno.cz\/sps\/wp-json\/wp\/v2\/pages\/72"}],"collection":[{"href":"https:\/\/www.spsbrno.cz\/sps\/wp-json\/wp\/v2\/pages"}],"about":[{"href":"https:\/\/www.spsbrno.cz\/sps\/wp-json\/wp\/v2\/types\/page"}],"author":[{"embeddable":true,"href":"https:\/\/www.spsbrno.cz\/sps\/wp-json\/wp\/v2\/users\/1"}],"replies":[{"embeddable":true,"href":"https:\/\/www.spsbrno.cz\/sps\/wp-json\/wp\/v2\/comments?post=72"}],"version-history":[{"count":24,"href":"https:\/\/www.spsbrno.cz\/sps\/wp-json\/wp\/v2\/pages\/72\/revisions"}],"predecessor-version":[{"id":787,"href":"https:\/\/www.spsbrno.cz\/sps\/wp-json\/wp\/v2\/pages\/72\/revisions\/787"}],"wp:attachment":[{"href":"https:\/\/www.spsbrno.cz\/sps\/wp-json\/wp\/v2\/media?parent=72"}],"curies":[{"name":"wp","href":"https:\/\/api.w.org\/{rel}","templated":true}]}}